{"id":2380,"date":"2022-03-01T22:01:11","date_gmt":"2022-03-01T22:01:11","guid":{"rendered":"https:\/\/eglo-cameroon.cm\/?page_id=2380"},"modified":"2022-03-03T12:00:19","modified_gmt":"2022-03-03T12:00:19","slug":"votre-projet","status":"publish","type":"page","link":"https:\/\/eglo-cameroon.cm\/en\/votre-projet\/","title":{"rendered":"VOTRE PROJET"},"content":{"rendered":"<div class=\"vc_row wpb_row vc_row-fluid\"><div class=\"wpb_column vc_column_container vc_col-sm-12\"><div class=\"vc_column-inner\"><div class=\"wpb_wrapper\">\n\t<div class=\"wpb_text_column wpb_content_element  wpb_animate_when_almost_visible wpb_fadeIn fadeIn\" >\n\t\t<div class=\"wpb_wrapper\">\n\t\t\t<h5>Avec EGLO, vous pouvez\u00a0\u00e9galement\u00a0soumettre votre projet en ligne en replissant le formulaire ci-dessous. Notre\u00a0\u00e9quipe\u00a0de\u00a0projet prendra contact avec vous dans les plus brefs\u00a0d\u00e9lais\u00a0pour vous conduire dans sa\u00a0r\u00e9alisation.<\/h5>\n\n\t\t<\/div>\n\t<\/div>\n<\/div><\/div><\/div><\/div><div class=\"vc_row wpb_row vc_row-fluid\"><div class=\"wpb_column vc_column_container vc_col-sm-12\"><div class=\"vc_column-inner\"><div class=\"wpb_wrapper\"><div class=\"vc_empty_space\"   style=\"height: 64px\"><span class=\"vc_empty_space_inner\"><\/span><\/div><div class=\"vc_empty_space\"   style=\"height: 64px\"><span class=\"vc_empty_space_inner\"><\/span><\/div><div class=\"vc_separator wpb_content_element vc_separator_align_center vc_sep_width_100 vc_sep_pos_align_center vc_sep_color_grey vc_separator-has-text\" ><span class=\"vc_sep_holder vc_sep_holder_l\"><span  class=\"vc_sep_line\"><\/span><\/span><h4>SOUMETTEZ VOTRE PROJET ICI<\/h4><span class=\"vc_sep_holder vc_sep_holder_r\"><span  class=\"vc_sep_line\"><\/span><\/span>\n<\/div><div class=\"vc_empty_space\"   style=\"height: 64px\"><span class=\"vc_empty_space_inner\"><\/span><\/div>\n<div class=\"wpcf7 no-js\" id=\"wpcf7-f2386-o1\" lang=\"fr-FR\" dir=\"ltr\">\n<div class=\"screen-reader-response\"><p role=\"status\" aria-live=\"polite\" aria-atomic=\"true\"><\/p> <ul><\/ul><\/div>\n<form action=\"\/en\/wp-json\/wp\/v2\/pages\/2380#wpcf7-f2386-o1\" method=\"post\" class=\"wpcf7-form init\" aria-label=\"Formulaire de contact\" enctype=\"multipart\/form-data\" novalidate=\"novalidate\" data-status=\"init\" data-trp-original-action=\"\/en\/wp-json\/wp\/v2\/pages\/2380#wpcf7-f2386-o1\">\n<div style=\"display: none;\">\n<input type=\"hidden\" name=\"_wpcf7\" value=\"2386\" \/>\n<input type=\"hidden\" name=\"_wpcf7_version\" value=\"5.8.4\" \/>\n<input type=\"hidden\" name=\"_wpcf7_locale\" value=\"fr_FR\" \/>\n<input type=\"hidden\" name=\"_wpcf7_unit_tag\" value=\"wpcf7-f2386-o1\" \/>\n<input type=\"hidden\" name=\"_wpcf7_container_post\" value=\"0\" \/>\n<input type=\"hidden\" name=\"_wpcf7_posted_data_hash\" value=\"\" \/>\n<\/div>\n<div class=\"wp-contact-us-form\">\n\t<div class=\"col-lg-6 col-md-6 col-sm-6 col-xs-12\" style=\"border-right: 2px solid;\">\n\t\t<h6 class=\"heading\"><strong>D\u00e9tails sur l'organisation:<\/strong>\n\t\t<\/h6>\n\t\t<div class=\"col-lg-12 col-md-12 col-sm-12 col-xs-12\">\n\t\t\t<p><label>Nom de la soci\u00e9t\u00e9*<span class=\"wpcf7-form-control-wrap\" data-name=\"org-nom-ste\"><input size=\"40\" class=\"wpcf7-form-control wpcf7-text wpcf7-validates-as-required\" aria-required=\"true\" aria-invalid=\"false\" value=\"\" type=\"text\" name=\"org-nom-ste\" \/><\/span><\/label>\n\t\t\t<\/p>\n\t\t<\/div>\n\t\t<div class=\"col-lg-12 col-md-12 col-sm-12 col-xs-12\">\n\t\t\t<p><label>Pays*<span class=\"wpcf7-form-control-wrap\" data-name=\"org-pays\"><input size=\"40\" class=\"wpcf7-form-control wpcf7-text wpcf7-validates-as-required\" aria-required=\"true\" aria-invalid=\"false\" value=\"\" type=\"text\" name=\"org-pays\" \/><\/span><\/label>\n\t\t\t<\/p>\n\t\t<\/div>\n\t\t<div class=\"col-lg-12 col-md-12 col-sm-12 col-xs-12\">\n\t\t\t<p><label>Adresse*<span class=\"wpcf7-form-control-wrap\" data-name=\"org-adresse\"><input size=\"40\" class=\"wpcf7-form-control wpcf7-text wpcf7-validates-as-required\" aria-required=\"true\" aria-invalid=\"false\" value=\"\" type=\"text\" name=\"org-adresse\" \/><\/span><\/label>\n\t\t\t<\/p>\n\t\t<\/div>\n\t\t<div class=\"col-lg-12 col-md-12 col-sm-12 col-xs-12\">\n\t\t\t<p><label>T\u00e9l*<span class=\"wpcf7-form-control-wrap\" data-name=\"tel-org\"><input size=\"40\" class=\"wpcf7-form-control wpcf7-tel wpcf7-validates-as-required wpcf7-text wpcf7-validates-as-tel\" aria-required=\"true\" aria-invalid=\"false\" value=\"\" type=\"tel\" name=\"tel-org\" \/><\/span><\/label>\n\t\t\t<\/p>\n\t\t<\/div>\n\t\t<div class=\"col-lg-12 col-md-12 col-sm-12 col-xs-12\">\n\t\t\t<p><label>E-mail*<span class=\"wpcf7-form-control-wrap\" data-name=\"email-org\"><input size=\"40\" class=\"wpcf7-form-control wpcf7-email wpcf7-validates-as-required wpcf7-text wpcf7-validates-as-email\" aria-required=\"true\" aria-invalid=\"false\" value=\"\" type=\"email\" name=\"email-org\" \/><\/span><\/label>\n\t\t\t<\/p>\n\t\t<\/div>\n\t\t<div class=\"col-lg-12 col-md-12 col-sm-12 col-xs-12\">\n\t\t\t<p><label>Site web<span class=\"wpcf7-form-control-wrap\" data-name=\"url-org-site-web\"><input size=\"40\" class=\"wpcf7-form-control wpcf7-url wpcf7-text wpcf7-validates-as-url\" aria-invalid=\"false\" value=\"\" type=\"url\" name=\"url-org-site-web\" \/><\/span><\/label>\n\t\t\t<\/p>\n\t\t<\/div>\n\t\t<h6 class=\"heading\"><strong>D\u00e9tails sur la personne responsable du projet:<\/strong>\n\t\t<\/h6>\n\t\t<div class=\"col-lg-12 col-md-12 col-sm-12 col-xs-12\">\n\t\t\t<p><label>Nom et pr\u00e9nom*<span class=\"wpcf7-form-control-wrap\" data-name=\"nom-prenom-resposable\"><input size=\"40\" class=\"wpcf7-form-control wpcf7-text wpcf7-validates-as-required\" aria-required=\"true\" aria-invalid=\"false\" value=\"\" type=\"text\" name=\"nom-prenom-resposable\" \/><\/span><\/label>\n\t\t\t<\/p>\n\t\t<\/div>\n\t\t<div class=\"col-lg-12 col-md-12 col-sm-12 col-xs-12\">\n\t\t\t<p><label>E-mail*<span class=\"wpcf7-form-control-wrap\" data-name=\"email-responsable\"><input size=\"40\" class=\"wpcf7-form-control wpcf7-email wpcf7-validates-as-required wpcf7-text wpcf7-validates-as-email\" aria-required=\"true\" aria-invalid=\"false\" value=\"\" type=\"email\" name=\"email-responsable\" \/><\/span><\/label>\n\t\t\t<\/p>\n\t\t<\/div>\n\t\t<div class=\"col-lg-12 col-md-12 col-sm-12 col-xs-12\">\n\t\t\t<p><label>T\u00e9l*<span class=\"wpcf7-form-control-wrap\" data-name=\"tel-responsable\"><input size=\"40\" class=\"wpcf7-form-control wpcf7-tel wpcf7-validates-as-required wpcf7-text wpcf7-validates-as-tel\" aria-required=\"true\" aria-invalid=\"false\" value=\"\" type=\"tel\" name=\"tel-responsable\" \/><\/span><\/label>\n\t\t\t<\/p>\n\t\t<\/div>\n\t<\/div>\n\t<div class=\"col-lg-6 col-md-6 col-sm-6 col-xs-12\">\n\t\t<h6 class=\"heading\"><strong>D\u00e9tails sur le projet:<\/strong>\n\t\t<\/h6>\n\t\t<div class=\"col-lg-12 col-md-12 col-sm-12 col-xs-12\">\n\t\t\t<p><label>Titre du projet*<span class=\"wpcf7-form-control-wrap\" data-name=\"titre-projet\"><input size=\"40\" class=\"wpcf7-form-control wpcf7-text wpcf7-validates-as-required\" aria-required=\"true\" aria-invalid=\"false\" value=\"\" type=\"text\" name=\"titre-projet\" \/><\/span><\/label>\n\t\t\t<\/p>\n\t\t<\/div>\n\t\t<div class=\"col-lg-12 col-md-12 col-sm-12 col-xs-12\">\n\t\t\t<p><label>Description du projet*<span class=\"wpcf7-form-control-wrap\" data-name=\"description-projet\"><textarea cols=\"40\" rows=\"10\" class=\"wpcf7-form-control wpcf7-textarea wpcf7-validates-as-required\" aria-required=\"true\" aria-invalid=\"false\" name=\"description-projet\"><\/textarea><\/span><\/label>\n\t\t\t<\/p>\n\t\t<\/div>\n\t\t<div class=\"col-lg-12 col-md-12 col-sm-12 col-xs-12\">\n\t\t\t<p><label>Site web du projet<span class=\"wpcf7-form-control-wrap\" data-name=\"site-web-projet\"><input size=\"40\" class=\"wpcf7-form-control wpcf7-url wpcf7-text wpcf7-validates-as-url\" aria-invalid=\"false\" value=\"\" type=\"url\" name=\"site-web-projet\" \/><\/span><\/label>\n\t\t\t<\/p>\n\t\t<\/div>\n\t\t<div class=\"col-lg-12 col-md-12 col-sm-12 col-xs-12\">\n\t\t\t<p><label>Couverture g\u00e9ographique du projet*<\/label><span class=\"wpcf7-form-control-wrap\" data-name=\"couverture-geographique-projet\"><span class=\"wpcf7-form-control wpcf7-checkbox wpcf7-validates-as-required\"><span class=\"wpcf7-list-item first\"><label><input type=\"checkbox\" name=\"couverture-geographique-projet[]\" value=\"Locale\" \/><span class=\"wpcf7-list-item-label\">Locale<\/span><\/label><\/span><span class=\"wpcf7-list-item\"><label><input type=\"checkbox\" name=\"couverture-geographique-projet[]\" value=\"R\u00e9gionale\" \/><span class=\"wpcf7-list-item-label\">R\u00e9gionale<\/span><\/label><\/span><span class=\"wpcf7-list-item\"><label><input type=\"checkbox\" name=\"couverture-geographique-projet[]\" value=\"Nationale\" \/><span class=\"wpcf7-list-item-label\">Nationale<\/span><\/label><\/span><span class=\"wpcf7-list-item last\"><label><input type=\"checkbox\" name=\"couverture-geographique-projet[]\" value=\"Internationale\" \/><span class=\"wpcf7-list-item-label\">Internationale<\/span><\/label><\/span><\/span><\/span>\n\t\t\t<\/p>\n\t\t<\/div>\n\t\t<div class=\"col-lg-12 col-md-12 col-sm-12 col-xs-12\">\n\t\t\t<p><label>Etat du projet*<span class=\"wpcf7-form-control-wrap\" data-name=\"etat-projet\"><select class=\"wpcf7-form-control wpcf7-select wpcf7-validates-as-required\" aria-required=\"true\" aria-invalid=\"false\" name=\"etat-projet\"><option value=\"\">&#8212;Veuillez choisir une option&#8212;<\/option><option value=\"Planifi\u00e9 pour le futur\">Planifi\u00e9 pour le futur<\/option><option value=\"En cours d&#039;ex\u00e9cution\">En cours d&#039;ex\u00e9cution<\/option><\/select><\/span><\/label>\n\t\t\t<\/p>\n\t\t<\/div>\n\t\t<div class=\"col-lg-12 col-md-12 col-sm-12 col-xs-12\">\n\t\t\t<p><label>Partenaires du projet<span class=\"wpcf7-form-control-wrap\" data-name=\"partenaires-projet\"><textarea cols=\"40\" rows=\"10\" class=\"wpcf7-form-control wpcf7-textarea\" aria-invalid=\"false\" placeholder=\"* S&#039;il vous pla\u00eet fournir les noms des autres partenaires impliqu\u00e9s.\" name=\"partenaires-projet\"><\/textarea><\/span> <\/label>\n\t\t\t<\/p>\n\t\t<\/div>\n\t\t<div class=\"col-lg-12 col-md-12 col-sm-12 col-xs-12\">\n\t\t\t<p><label>Attachez votre projet ici:*<span class=\"wpcf7-form-control-wrap\" data-name=\"file-projet\"><input size=\"40\" class=\"wpcf7-form-control wpcf7-file wpcf7-validates-as-required\" accept=\"audio\/*,video\/*,image\/*\" aria-required=\"true\" aria-invalid=\"false\" type=\"file\" name=\"file-projet\" \/><\/span><\/label>\n\t\t\t<\/p>\n\t\t<\/div>\n\t\t<p><input class=\"wpcf7-form-control wpcf7-submit has-spinner\" type=\"submit\" value=\"Envoyer\" \/>\n\t\t<\/p>\n\t<\/div>\n<\/div><div class=\"wpcf7-response-output\" aria-hidden=\"true\"><\/div>\n<input type=\"hidden\" name=\"trp-form-language\" value=\"en\"\/><\/form>\n<\/div>\n<\/div><\/div><\/div><\/div>","protected":false},"excerpt":{"rendered":"Avec EGLO, vous pouvez\u00a0\u00e9galement\u00a0soumettre votre projet en ligne en replissant le formulaire ci-dessous. Notre\u00a0\u00e9quipe\u00a0de\u00a0projet prendra contact avec vous dans les plus brefs\u00a0d\u00e9lais\u00a0pour vous conduire dans sa\u00a0r\u00e9alisation. SOUMETTEZ VOTRE PROJET ICI D\u00e9tails sur l'organisation: Nom de la soci\u00e9t\u00e9* Pays* Adresse* T\u00e9l* E-mail* Site web D\u00e9tails sur la personne responsable du projet: Nom et pr\u00e9nom* E-mail* T\u00e9l* [...]","protected":false},"author":1,"featured_media":0,"parent":0,"menu_order":0,"comment_status":"closed","ping_status":"closed","template":"","meta":{"footnotes":""},"_links":{"self":[{"href":"https:\/\/eglo-cameroon.cm\/en\/wp-json\/wp\/v2\/pages\/2380"}],"collection":[{"href":"https:\/\/eglo-cameroon.cm\/en\/wp-json\/wp\/v2\/pages"}],"about":[{"href":"https:\/\/eglo-cameroon.cm\/en\/wp-json\/wp\/v2\/types\/page"}],"author":[{"embeddable":true,"href":"https:\/\/eglo-cameroon.cm\/en\/wp-json\/wp\/v2\/users\/1"}],"replies":[{"embeddable":true,"href":"https:\/\/eglo-cameroon.cm\/en\/wp-json\/wp\/v2\/comments?post=2380"}],"version-history":[{"count":6,"href":"https:\/\/eglo-cameroon.cm\/en\/wp-json\/wp\/v2\/pages\/2380\/revisions"}],"predecessor-version":[{"id":2388,"href":"https:\/\/eglo-cameroon.cm\/en\/wp-json\/wp\/v2\/pages\/2380\/revisions\/2388"}],"wp:attachment":[{"href":"https:\/\/eglo-cameroon.cm\/en\/wp-json\/wp\/v2\/media?parent=2380"}],"curies":[{"name":"wp","href":"https:\/\/api.w.org\/{rel}","templated":true}]}}