{"id":2373,"date":"2022-03-01T21:46:05","date_gmt":"2022-03-01T21:46:05","guid":{"rendered":"https:\/\/eglo-cameroon.cm\/?page_id=2373"},"modified":"2022-03-03T12:01:00","modified_gmt":"2022-03-03T12:01:00","slug":"carriere","status":"publish","type":"page","link":"https:\/\/eglo-cameroon.cm\/en\/carriere\/","title":{"rendered":"CARRIERE"},"content":{"rendered":"<div class=\"vc_row wpb_row vc_row-fluid\"><div class=\"wpb_column vc_column_container vc_col-sm-12\"><div class=\"vc_column-inner\"><div class=\"wpb_wrapper\">\n\t<div class=\"wpb_text_column wpb_content_element  wpb_animate_when_almost_visible wpb_fadeIn fadeIn\" >\n\t\t<div class=\"wpb_wrapper\">\n\t\t\t<h5>EGLO Sarl vous remercie pour l\u2019int\u00e9r\u00eat que vous lui portez et pour votre futur probable carri\u00e8re en son sein. Nous vous prions de bien vouloir soumettre votre Curriculum Vitae en remplissant le formulaire ci-dessous.<\/h5>\n<h5>Nous le prendrons certainement en compte aussit\u00f4t qu&rsquo;il y aura un poste \u00e0 pourvoir.<\/h5>\n<h5>Nous vous remercions.<\/h5>\n\n\t\t<\/div>\n\t<\/div>\n<div class=\"vc_empty_space\"   style=\"height: 32px\"><span class=\"vc_empty_space_inner\"><\/span><\/div><div class=\"vc_empty_space\"   style=\"height: 32px\"><span class=\"vc_empty_space_inner\"><\/span><\/div><div class=\"vc_separator wpb_content_element vc_separator_align_center vc_sep_width_100 vc_sep_pos_align_center vc_sep_color_grey vc_separator-has-text\" ><span class=\"vc_sep_holder vc_sep_holder_l\"><span  class=\"vc_sep_line\"><\/span><\/span><h4>SOUMETTEZ VOTRE CV ICI<\/h4><span class=\"vc_sep_holder vc_sep_holder_r\"><span  class=\"vc_sep_line\"><\/span><\/span>\n<\/div>\n<div class=\"wpcf7 no-js\" id=\"wpcf7-f2372-o1\" lang=\"fr-FR\" dir=\"ltr\">\n<div class=\"screen-reader-response\"><p role=\"status\" aria-live=\"polite\" aria-atomic=\"true\"><\/p> <ul><\/ul><\/div>\n<form action=\"\/en\/wp-json\/wp\/v2\/pages\/2373#wpcf7-f2372-o1\" method=\"post\" class=\"wpcf7-form init\" aria-label=\"Formulaire de contact\" enctype=\"multipart\/form-data\" novalidate=\"novalidate\" data-status=\"init\" data-trp-original-action=\"\/en\/wp-json\/wp\/v2\/pages\/2373#wpcf7-f2372-o1\">\n<div style=\"display: none;\">\n<input type=\"hidden\" name=\"_wpcf7\" value=\"2372\" \/>\n<input type=\"hidden\" name=\"_wpcf7_version\" value=\"5.8.4\" \/>\n<input type=\"hidden\" name=\"_wpcf7_locale\" value=\"fr_FR\" \/>\n<input type=\"hidden\" name=\"_wpcf7_unit_tag\" value=\"wpcf7-f2372-o1\" \/>\n<input type=\"hidden\" name=\"_wpcf7_container_post\" value=\"0\" \/>\n<input type=\"hidden\" name=\"_wpcf7_posted_data_hash\" value=\"\" \/>\n<\/div>\n<p><label> Nom et Pr\u00e9nom *<br \/>\n<span class=\"wpcf7-form-control-wrap\" data-name=\"your-name\"><input size=\"40\" class=\"wpcf7-form-control wpcf7-text wpcf7-validates-as-required\" aria-required=\"true\" aria-invalid=\"false\" value=\"\" type=\"text\" name=\"your-name\" \/><\/span> <\/label>\n<\/p>\n<p><label> E-mail *<br \/>\n<span class=\"wpcf7-form-control-wrap\" data-name=\"your-email\"><input size=\"40\" class=\"wpcf7-form-control wpcf7-email wpcf7-validates-as-required wpcf7-text wpcf7-validates-as-email\" aria-required=\"true\" aria-invalid=\"false\" value=\"\" type=\"email\" name=\"your-email\" \/><\/span> <\/label><br \/>\n<label>Tel * <span class=\"wpcf7-form-control-wrap\" data-name=\"tel-445\"><input size=\"40\" class=\"wpcf7-form-control wpcf7-tel wpcf7-validates-as-required wpcf7-text wpcf7-validates-as-tel\" aria-required=\"true\" aria-invalid=\"false\" value=\"\" type=\"tel\" name=\"tel-445\" \/><\/span> <\/label><br \/>\n<label> Votre Motivation *<span class=\"wpcf7-form-control-wrap\" data-name=\"textarea-91\"><textarea cols=\"40\" rows=\"10\" class=\"wpcf7-form-control wpcf7-textarea wpcf7-validates-as-required\" aria-required=\"true\" aria-invalid=\"false\" name=\"textarea-91\"><\/textarea><\/span><\/label><br \/>\n<label>Attachez votre CV ici * <span class=\"wpcf7-form-control-wrap\" data-name=\"file-463\"><input size=\"40\" class=\"wpcf7-form-control wpcf7-file wpcf7-validates-as-required\" accept=\"audio\/*,video\/*,image\/*\" aria-required=\"true\" aria-invalid=\"false\" type=\"file\" name=\"file-463\" \/><\/span><\/label><br \/>\n<input class=\"wpcf7-form-control wpcf7-submit has-spinner\" type=\"submit\" value=\"Envoyer\" \/>\n<\/p><div class=\"wpcf7-response-output\" aria-hidden=\"true\"><\/div>\n<input type=\"hidden\" name=\"trp-form-language\" value=\"en\"\/><\/form>\n<\/div>\n<\/div><\/div><\/div><\/div>","protected":false},"excerpt":{"rendered":"EGLO Sarl vous remercie pour l\u2019int\u00e9r\u00eat que vous lui portez et pour votre futur probable carri\u00e8re en son sein. Nous vous prions de bien vouloir soumettre votre Curriculum Vitae en remplissant le formulaire ci-dessous. Nous le prendrons certainement en compte aussit\u00f4t qu'il y aura un poste \u00e0 pourvoir. Nous vous remercions. SOUMETTEZ VOTRE CV ICI [...]","protected":false},"author":1,"featured_media":0,"parent":0,"menu_order":0,"comment_status":"closed","ping_status":"closed","template":"","meta":{"footnotes":""},"_links":{"self":[{"href":"https:\/\/eglo-cameroon.cm\/en\/wp-json\/wp\/v2\/pages\/2373"}],"collection":[{"href":"https:\/\/eglo-cameroon.cm\/en\/wp-json\/wp\/v2\/pages"}],"about":[{"href":"https:\/\/eglo-cameroon.cm\/en\/wp-json\/wp\/v2\/types\/page"}],"author":[{"embeddable":true,"href":"https:\/\/eglo-cameroon.cm\/en\/wp-json\/wp\/v2\/users\/1"}],"replies":[{"embeddable":true,"href":"https:\/\/eglo-cameroon.cm\/en\/wp-json\/wp\/v2\/comments?post=2373"}],"version-history":[{"count":5,"href":"https:\/\/eglo-cameroon.cm\/en\/wp-json\/wp\/v2\/pages\/2373\/revisions"}],"predecessor-version":[{"id":2378,"href":"https:\/\/eglo-cameroon.cm\/en\/wp-json\/wp\/v2\/pages\/2373\/revisions\/2378"}],"wp:attachment":[{"href":"https:\/\/eglo-cameroon.cm\/en\/wp-json\/wp\/v2\/media?parent=2373"}],"curies":[{"name":"wp","href":"https:\/\/api.w.org\/{rel}","templated":true}]}}